{"id":4030,"date":"2023-03-09T15:37:39","date_gmt":"2023-03-09T15:37:39","guid":{"rendered":"https:\/\/apartamentoscomayagua.hn\/?page_id=4030"},"modified":"2023-03-09T17:33:48","modified_gmt":"2023-03-09T17:33:48","slug":"requisitos","status":"publish","type":"page","link":"https:\/\/apartamentoscomayagua.hn\/es\/requisitos\/","title":{"rendered":"Requisitos de Alquiler"},"content":{"rendered":"<div data-elementor-type=\"wp-page\" data-elementor-id=\"4030\" class=\"elementor elementor-4030\">\n\t\t\t\t\t\t<section class=\"elementor-section elementor-top-section elementor-element elementor-element-0a97002 elementor-section-boxed elementor-section-height-default elementor-section-height-default sc_fly_static\" data-id=\"0a97002\" data-element_type=\"section\" data-e-type=\"section\">\n\t\t\t\t\t\t<div class=\"elementor-container elementor-column-gap-extended\">\n\t\t\t\t\t<div class=\"elementor-column elementor-col-100 elementor-top-column elementor-element elementor-element-e952dcc sc_content_align_inherit sc_layouts_column_icons_position_left sc_fly_static\" data-id=\"e952dcc\" data-element_type=\"column\" data-e-type=\"column\">\n\t\t\t<div class=\"elementor-widget-wrap elementor-element-populated\">\n\t\t\t\t\t\t<div class=\"elementor-element elementor-element-33f474c sc_fly_static elementor-widget elementor-widget-text-editor\" data-id=\"33f474c\" data-element_type=\"widget\" data-e-type=\"widget\" data-widget_type=\"text-editor.default\">\n\t\t\t\t<div class=\"elementor-widget-container\">\n\t\t\t\t\t\t\t\t\t<h3><strong>ASALARIADOS<\/strong><\/h3><p>1. Completar la solicitud de alquiler online.<\/p><p>2. Identidades o pasaportes de todas las personas que vivir\u00e1n en el apartamento.<\/p><p>3. Constancia de trabajo indicando salario con deducciones (M\u00e1ximo 30 d\u00edas de emisi\u00f3n).<\/p><p>4. Pago del dep\u00f3sito y primera mensualidad.<\/p><p>5. Firmar contrato de arrendamiento.<\/p><p>\u00a0<\/p><h3><strong>COMERCIANTES<\/strong><\/h3><p>1. Completar solicitud de alquiler online.<\/p><p>2. Autorizaci\u00f3n para ser consultado en la central de riesgo.<\/p><p>3. Escritura de constituci\u00f3n del negocio.<\/p><p>4. RTN del negocio.<\/p><p>5. Permiso de operaci\u00f3n vigente.<\/p><p>6. Identidades o pasaportes de todas las personas que vivir\u00e1n en el apartamento.<\/p><p>7. Constancia bancaria personal con saldos promedios de los \u00faltimos 6 meses (M\u00e1ximo 30 d\u00edas de emisi\u00f3n).<\/p><p>8. Pago del dep\u00f3sito y primera mensualidad.<\/p><p>9. Firmar contrato de arrendamiento.<\/p><p>\u00a0<\/p><p>***APARTAMENTOS COMAYAGUA se reserva el derecho modificar estos requisitos sin previo aviso***<\/p>\t\t\t\t\t\t\t\t<\/div>\n\t\t\t\t<\/div>\n\t\t\t\t\t<\/div>\n\t\t<\/div>\n\t\t\t\t\t<\/div>\n\t\t<\/section>\n\t\t\t\t<\/div>","protected":false},"excerpt":{"rendered":"<p>ASALARIADOS 1. Completar la solicitud de alquiler online. 2. Identidades o pasaportes de todas las personas que vivir\u00e1n en el apartamento. 3. Constancia de trabajo indicando salario con deducciones (M\u00e1ximo 30 d\u00edas de emisi\u00f3n). 4. Pago del dep\u00f3sito y primera mensualidad. 5. Firmar contrato de arrendamiento. COMERCIANTES 1. Completar solicitud de alquiler online. 2. Autorizaci\u00f3n&hellip;<\/p>","protected":false},"author":1,"featured_media":0,"parent":0,"menu_order":0,"comment_status":"closed","ping_status":"closed","template":"","meta":{"nf_dc_page":"","footnotes":""},"class_list":["post-4030","page","type-page","status-publish","hentry"],"_links":{"self":[{"href":"https:\/\/apartamentoscomayagua.hn\/es\/wp-json\/wp\/v2\/pages\/4030","targetHints":{"allow":["GET"]}}],"collection":[{"href":"https:\/\/apartamentoscomayagua.hn\/es\/wp-json\/wp\/v2\/pages"}],"about":[{"href":"https:\/\/apartamentoscomayagua.hn\/es\/wp-json\/wp\/v2\/types\/page"}],"author":[{"embeddable":true,"href":"https:\/\/apartamentoscomayagua.hn\/es\/wp-json\/wp\/v2\/users\/1"}],"replies":[{"embeddable":true,"href":"https:\/\/apartamentoscomayagua.hn\/es\/wp-json\/wp\/v2\/comments?post=4030"}],"version-history":[{"count":14,"href":"https:\/\/apartamentoscomayagua.hn\/es\/wp-json\/wp\/v2\/pages\/4030\/revisions"}],"predecessor-version":[{"id":4051,"href":"https:\/\/apartamentoscomayagua.hn\/es\/wp-json\/wp\/v2\/pages\/4030\/revisions\/4051"}],"wp:attachment":[{"href":"https:\/\/apartamentoscomayagua.hn\/es\/wp-json\/wp\/v2\/media?parent=4030"}],"curies":[{"name":"wp","href":"https:\/\/api.w.org\/{rel}","templated":true}]}}