{"id":4007,"date":"2023-03-09T15:13:20","date_gmt":"2023-03-09T15:13:20","guid":{"rendered":"https:\/\/apartamentoscomayagua.hn\/?page_id=4007"},"modified":"2023-03-09T15:45:27","modified_gmt":"2023-03-09T15:45:27","slug":"politica-de-mascotas","status":"publish","type":"page","link":"https:\/\/apartamentoscomayagua.hn\/es\/politica-de-mascotas\/","title":{"rendered":"Pol\u00edtica de Mascotas"},"content":{"rendered":"<div data-elementor-type=\"wp-page\" data-elementor-id=\"4007\" class=\"elementor elementor-4007\">\n\t\t\t\t\t\t<section class=\"elementor-section elementor-top-section elementor-element elementor-element-6d5d23b elementor-section-boxed elementor-section-height-default elementor-section-height-default sc_fly_static\" data-id=\"6d5d23b\" data-element_type=\"section\" data-e-type=\"section\">\n\t\t\t\t\t\t<div class=\"elementor-container elementor-column-gap-extended\">\n\t\t\t\t\t<div class=\"elementor-column elementor-col-100 elementor-top-column elementor-element elementor-element-fffec1e sc_content_align_inherit sc_layouts_column_icons_position_left sc_fly_static\" data-id=\"fffec1e\" data-element_type=\"column\" data-e-type=\"column\">\n\t\t\t<div class=\"elementor-widget-wrap elementor-element-populated\">\n\t\t\t\t\t\t<div class=\"elementor-element elementor-element-524527d sc_fly_static elementor-widget elementor-widget-text-editor\" data-id=\"524527d\" data-element_type=\"widget\" data-e-type=\"widget\" data-widget_type=\"text-editor.default\">\n\t\t\t\t<div class=\"elementor-widget-container\">\n\t\t\t\t\t\t\t\t\t<p>1. Gatos y perros son aceptados hasta un l\u00edmite de peso m\u00e1ximo de 20 libras.<\/p><p>2. Los residentes se obligan a enviar a la administraci\u00f3n de APARTAMENTOS COMAYAGUA una foto de su mascota al momento de completar la solicitud de alquiler a fin de verificar el tama\u00f1o de la misma.<\/p><p>3. Los residentes deber\u00e1n mantener dentro del apartamento y bajo control su mascota en todo momento.<\/p><p>4. Los residentes aceptan no dejar desatendida o sola su mascota fuera del apartamento.<\/p><p>5. Los residentes tienen la responsabilidad de limpiar de forma r\u00e1pida el excremento de sus mascotas y tirarlo en la basura apropiadamente, incluso fuera de las instalaciones del edificio; esto con el prop\u00f3sito de mantener un ambiente limpio y en armon\u00eda con todos los habitantes de Residencial Valle Dorado.<\/p><p>6. Los residentes aceptan no dejar comida o agua de sus mascotas fuera del apartamento.<\/p><p>7. Los residentes son responsables del buen comportamiento de sus mascotas, en el sentido de evitar ruido o conducta agresiva que afecte la convivencia de los dem\u00e1s residentes del edificio.<\/p><p>8. Los residentes se comprometen mantener su perro con correa cuando este se encuentre fuera del apartamento.<\/p><p>9. Los residentes aceptan cubrir la totalidad de los da\u00f1os ocasionados por su mascota dentro del apartamento y en las \u00e1reas comunes del edificio.<\/p><p>10. Los residentes aceptan que la administraci\u00f3n de APARTAMENTOS COMAYAGUA se reserva el derecho de revocar la permanencia de mascotas o terminar el contrato de arrendamiento en caso de incumplimiento de estas pol\u00edticas.<\/p>\t\t\t\t\t\t\t\t<\/div>\n\t\t\t\t<\/div>\n\t\t\t\t\t<\/div>\n\t\t<\/div>\n\t\t\t\t\t<\/div>\n\t\t<\/section>\n\t\t\t\t<\/div>","protected":false},"excerpt":{"rendered":"<p>1. Gatos y perros son aceptados hasta un l\u00edmite de peso m\u00e1ximo de 20 libras. 2. Los residentes se obligan a enviar a la administraci\u00f3n de APARTAMENTOS COMAYAGUA una foto de su mascota al momento de completar la solicitud de alquiler a fin de verificar el tama\u00f1o de la misma. 3. Los residentes deber\u00e1n mantener&hellip;<\/p>","protected":false},"author":1,"featured_media":3863,"parent":0,"menu_order":0,"comment_status":"closed","ping_status":"closed","template":"","meta":{"nf_dc_page":"","footnotes":""},"class_list":["post-4007","page","type-page","status-publish","has-post-thumbnail","hentry"],"_links":{"self":[{"href":"https:\/\/apartamentoscomayagua.hn\/es\/wp-json\/wp\/v2\/pages\/4007","targetHints":{"allow":["GET"]}}],"collection":[{"href":"https:\/\/apartamentoscomayagua.hn\/es\/wp-json\/wp\/v2\/pages"}],"about":[{"href":"https:\/\/apartamentoscomayagua.hn\/es\/wp-json\/wp\/v2\/types\/page"}],"author":[{"embeddable":true,"href":"https:\/\/apartamentoscomayagua.hn\/es\/wp-json\/wp\/v2\/users\/1"}],"replies":[{"embeddable":true,"href":"https:\/\/apartamentoscomayagua.hn\/es\/wp-json\/wp\/v2\/comments?post=4007"}],"version-history":[{"count":22,"href":"https:\/\/apartamentoscomayagua.hn\/es\/wp-json\/wp\/v2\/pages\/4007\/revisions"}],"predecessor-version":[{"id":4038,"href":"https:\/\/apartamentoscomayagua.hn\/es\/wp-json\/wp\/v2\/pages\/4007\/revisions\/4038"}],"wp:featuredmedia":[{"embeddable":true,"href":"https:\/\/apartamentoscomayagua.hn\/es\/wp-json\/wp\/v2\/media\/3863"}],"wp:attachment":[{"href":"https:\/\/apartamentoscomayagua.hn\/es\/wp-json\/wp\/v2\/media?parent=4007"}],"curies":[{"name":"wp","href":"https:\/\/api.w.org\/{rel}","templated":true}]}}