{"id":3900,"date":"2023-02-22T18:00:32","date_gmt":"2023-02-22T18:00:32","guid":{"rendered":"https:\/\/apartamentoscomayagua.hn\/?page_id=3900"},"modified":"2023-03-30T21:57:32","modified_gmt":"2023-03-30T21:57:32","slug":"tu-mascota-es-bienvenida","status":"publish","type":"page","link":"https:\/\/apartamentoscomayagua.hn\/es\/tu-mascota-es-bienvenida\/","title":{"rendered":"Tu Mascota es Bienvenida!"},"content":{"rendered":"<div data-elementor-type=\"wp-page\" data-elementor-id=\"3900\" class=\"elementor elementor-3900\">\n\t\t\t\t\t\t<section class=\"elementor-section elementor-top-section elementor-element elementor-element-ee6dc90 elementor-section-boxed elementor-section-height-default elementor-section-height-default sc_fly_static\" data-id=\"ee6dc90\" data-element_type=\"section\" data-e-type=\"section\">\n\t\t\t\t\t\t<div class=\"elementor-container elementor-column-gap-extended\">\n\t\t\t\t\t<div class=\"elementor-column elementor-col-100 elementor-top-column elementor-element elementor-element-0f2d3fb sc_content_align_inherit sc_layouts_column_icons_position_left sc_fly_static\" data-id=\"0f2d3fb\" data-element_type=\"column\" data-e-type=\"column\">\n\t\t\t<div class=\"elementor-widget-wrap elementor-element-populated\">\n\t\t\t\t\t\t<div class=\"elementor-element elementor-element-293ebe1 sc_fly_static elementor-widget elementor-widget-text-editor\" data-id=\"293ebe1\" data-element_type=\"widget\" data-e-type=\"widget\" data-widget_type=\"text-editor.default\">\n\t\t\t\t<div class=\"elementor-widget-container\">\n\t\t\t\t\t\t\t\t\t<p>En Apartamentos Comayagua sabemos la alegr\u00eda y soporte emocional que proporciona tu mascota, as\u00ed como el cari\u00f1o que le tienes. Por esa raz\u00f3n son bienvenidas como residentes.<\/p>\n<p>Aceptamos por apartamento un gato o perro peque\u00f1o con buen comportamiento y peso m\u00e1ximo de 20 libras.<\/p>\n<p>Para explorar nuestra pol\u00edtica de mascotas, puedes descargarla en este momento haciendo click en el bot\u00f3n a continuaci\u00f3n:<\/p>\t\t\t\t\t\t\t\t<\/div>\n\t\t\t\t<\/div>\n\t\t\t\t\t<\/div>\n\t\t<\/div>\n\t\t\t\t\t<\/div>\n\t\t<\/section>\n\t\t\t\t<section class=\"elementor-section elementor-top-section elementor-element elementor-element-9f2d2c9 elementor-section-boxed elementor-section-height-default elementor-section-height-default sc_fly_static\" data-id=\"9f2d2c9\" data-element_type=\"section\" data-e-type=\"section\">\n\t\t\t\t\t\t<div class=\"elementor-container elementor-column-gap-extended\">\n\t\t\t\t\t<div class=\"elementor-column elementor-col-100 elementor-top-column elementor-element elementor-element-bbe968e sc_content_align_inherit sc_layouts_column_icons_position_left sc_fly_static\" data-id=\"bbe968e\" data-element_type=\"column\" data-e-type=\"column\">\n\t\t\t<div class=\"elementor-widget-wrap elementor-element-populated\">\n\t\t\t\t\t\t<div class=\"elementor-element elementor-element-ea841ba sc_fly_static elementor-widget elementor-widget-spacer\" data-id=\"ea841ba\" data-element_type=\"widget\" data-e-type=\"widget\" data-widget_type=\"spacer.default\">\n\t\t\t\t<div class=\"elementor-widget-container\">\n\t\t\t\t\t\t\t<div class=\"elementor-spacer\">\n\t\t\t<div class=\"elementor-spacer-inner\"><\/div>\n\t\t<\/div>\n\t\t\t\t\t\t<\/div>\n\t\t\t\t<\/div>\n\t\t\t\t\t<\/div>\n\t\t<\/div>\n\t\t\t\t\t<\/div>\n\t\t<\/section>\n\t\t\t\t<section class=\"elementor-section elementor-top-section elementor-element elementor-element-5b40980 elementor-section-boxed elementor-section-height-default elementor-section-height-default sc_fly_static\" data-id=\"5b40980\" data-element_type=\"section\" data-e-type=\"section\">\n\t\t\t\t\t\t<div class=\"elementor-container elementor-column-gap-extended\">\n\t\t\t\t\t<div class=\"elementor-column elementor-col-100 elementor-top-column elementor-element elementor-element-b644d60 sc_content_align_inherit sc_layouts_column_icons_position_left sc_fly_static\" data-id=\"b644d60\" data-element_type=\"column\" data-e-type=\"column\">\n\t\t\t<div class=\"elementor-widget-wrap elementor-element-populated\">\n\t\t\t\t\t\t<div class=\"elementor-element elementor-element-11d93fe elementor-align-center sc_fly_static elementor-widget elementor-widget-button\" data-id=\"11d93fe\" data-element_type=\"widget\" data-e-type=\"widget\" data-widget_type=\"button.default\">\n\t\t\t\t<div class=\"elementor-widget-container\">\n\t\t\t\t\t\t\t\t\t<div class=\"elementor-button-wrapper\">\n\t\t\t\t\t<a class=\"elementor-button elementor-button-link elementor-size-md\" href=\"https:\/\/apartamentoscomayagua.hn\/wp-content\/uploads\/2023\/03\/Politica-de-Mascotas-APARTAMENTOS-COMAYAGUA.pdf\" target=\"_blank\">\n\t\t\t\t\t\t<span class=\"elementor-button-content-wrapper\">\n\t\t\t\t\t\t\t\t\t<span class=\"elementor-button-text\">Descargar Pol\u00edtica de Mascotas &gt;<\/span>\n\t\t\t\t\t<\/span>\n\t\t\t\t\t<\/a>\n\t\t\t\t<\/div>\n\t\t\t\t\t\t\t\t<\/div>\n\t\t\t\t<\/div>\n\t\t\t\t\t<\/div>\n\t\t<\/div>\n\t\t\t\t\t<\/div>\n\t\t<\/section>\n\t\t\t\t<section class=\"elementor-section elementor-top-section elementor-element elementor-element-3d40c65 elementor-section-boxed elementor-section-height-default elementor-section-height-default sc_fly_static\" data-id=\"3d40c65\" data-element_type=\"section\" data-e-type=\"section\">\n\t\t\t\t\t\t<div class=\"elementor-container elementor-column-gap-extended\">\n\t\t\t\t\t<div class=\"elementor-column elementor-col-100 elementor-top-column elementor-element elementor-element-7fd666d sc_content_align_inherit sc_layouts_column_icons_position_left sc_fly_static\" data-id=\"7fd666d\" data-element_type=\"column\" data-e-type=\"column\">\n\t\t\t<div class=\"elementor-widget-wrap elementor-element-populated\">\n\t\t\t\t\t\t<div class=\"elementor-element elementor-element-30a8c88 sc_fly_static elementor-widget elementor-widget-spacer\" data-id=\"30a8c88\" data-element_type=\"widget\" data-e-type=\"widget\" data-widget_type=\"spacer.default\">\n\t\t\t\t<div class=\"elementor-widget-container\">\n\t\t\t\t\t\t\t<div class=\"elementor-spacer\">\n\t\t\t<div class=\"elementor-spacer-inner\"><\/div>\n\t\t<\/div>\n\t\t\t\t\t\t<\/div>\n\t\t\t\t<\/div>\n\t\t\t\t\t<\/div>\n\t\t<\/div>\n\t\t\t\t\t<\/div>\n\t\t<\/section>\n\t\t\t\t<\/div>","protected":false},"excerpt":{"rendered":"<p>En Apartamentos Comayagua sabemos la alegr\u00eda y soporte emocional que proporciona tu mascota, as\u00ed como el cari\u00f1o que le tienes. Por esa raz\u00f3n son bienvenidas como residentes. Aceptamos por apartamento un gato o perro peque\u00f1o con buen comportamiento y peso m\u00e1ximo de 20 libras. Para explorar nuestra pol\u00edtica de mascotas, puedes descargarla en este momento&hellip;<\/p>","protected":false},"author":1,"featured_media":3863,"parent":0,"menu_order":0,"comment_status":"closed","ping_status":"closed","template":"","meta":{"nf_dc_page":"","footnotes":""},"class_list":["post-3900","page","type-page","status-publish","has-post-thumbnail","hentry"],"_links":{"self":[{"href":"https:\/\/apartamentoscomayagua.hn\/es\/wp-json\/wp\/v2\/pages\/3900","targetHints":{"allow":["GET"]}}],"collection":[{"href":"https:\/\/apartamentoscomayagua.hn\/es\/wp-json\/wp\/v2\/pages"}],"about":[{"href":"https:\/\/apartamentoscomayagua.hn\/es\/wp-json\/wp\/v2\/types\/page"}],"author":[{"embeddable":true,"href":"https:\/\/apartamentoscomayagua.hn\/es\/wp-json\/wp\/v2\/users\/1"}],"replies":[{"embeddable":true,"href":"https:\/\/apartamentoscomayagua.hn\/es\/wp-json\/wp\/v2\/comments?post=3900"}],"version-history":[{"count":47,"href":"https:\/\/apartamentoscomayagua.hn\/es\/wp-json\/wp\/v2\/pages\/3900\/revisions"}],"predecessor-version":[{"id":4975,"href":"https:\/\/apartamentoscomayagua.hn\/es\/wp-json\/wp\/v2\/pages\/3900\/revisions\/4975"}],"wp:featuredmedia":[{"embeddable":true,"href":"https:\/\/apartamentoscomayagua.hn\/es\/wp-json\/wp\/v2\/media\/3863"}],"wp:attachment":[{"href":"https:\/\/apartamentoscomayagua.hn\/es\/wp-json\/wp\/v2\/media?parent=3900"}],"curies":[{"name":"wp","href":"https:\/\/api.w.org\/{rel}","templated":true}]}}